{"id":137,"date":"2022-10-26T08:58:00","date_gmt":"2022-10-26T06:58:00","guid":{"rendered":"http:\/\/www.ingplan-md.de\/?page_id=137"},"modified":"2023-06-08T11:29:03","modified_gmt":"2023-06-08T09:29:03","slug":"stellenangebote","status":"publish","type":"page","link":"https:\/\/www.ingplan-md.de\/?page_id=137","title":{"rendered":"Stellenangebote"},"content":{"rendered":"<p>Zur Verst\u00e4rkung unseres INGPLAN-Teams suchen wir ab sofort einen<\/p>\n<p>Konstrukteur (m\/w\/d) f\u00fcr Stahlbau- und Anlagenplanung<\/p>\n<p><strong>Ihre Aufgaben<\/strong><\/p>\n<ul>\n<li>Erstellen von Vorentw\u00fcrfen \/ \u00dcbersichtszeichnungen in CAD (2D + 3D)<\/li>\n<li>Erstellen von Werkstattzeichnungen inkl. St\u00fccklisten<\/li>\n<li>Abstimmungen intern im Team und extern mit Kunden und Lieferanten<\/li>\n<\/ul>\n<p><strong>Ihr Profil<\/strong><\/p>\n<ul>\n<li>Diplom-Ingenieur (Master, Bachelor), staatl. gepr. Techniker, der Fachrichtung Maschinenbau \/ Stahlbau<\/li>\n<li>Freude an selbst\u00e4ndigem Arbeiten, eine gute Teamf\u00e4higkeit und Flexibilit\u00e4t<\/li>\n<li>Kenntnisse in der CAD-Arbeit mit AutoCad Mechanical und Inventor<\/li>\n<li>Gute EDV-Kenntnisse mit g\u00e4ngigen IT-Programmen vorzugsweise mit MS Office<\/li>\n<li>Englischkenntnisse sind von Vorteil<\/li>\n<li>F\u00fchrerschein (Klasse B)<\/li>\n<\/ul>\n<p><strong>Wir bieten<\/strong><\/p>\n<ul>\n<li>Spannende, abwechslungsreiche und interessante Projekte f\u00fcr namhafte Kunden<\/li>\n<li>Angenehmes Betriebsklima, Spa\u00df an der Arbeit und Zusammenhalt im Team<\/li>\n<li>Sicheren Arbeitsplatz mit hohem Ma\u00df an Eigenverantwortung<\/li>\n<li>Unbefristete Anstellung bei flexibler Arbeitszeit<\/li>\n<li>Eine angemessene Verg\u00fctung, 30 Tage Urlaub sowie verm\u00f6genswirksamen Leistungen<\/li>\n<\/ul>\n<p>Bei Interesse nehmen Sie mit uns Kontakt auf &#8211;<\/p>\n<p>Ansprechpartner Herr M\u00f6rike, E-Mail: \u00a0<a href=\"mailto:h.moerike@ingplan-md.de\">h.moerike@ingplan-md.de<\/a><\/p>\n","protected":false},"excerpt":{"rendered":"<p>Zur Verst\u00e4rkung unseres INGPLAN-Teams suchen wir ab sofort einen Konstrukteur (m\/w\/d) f\u00fcr Stahlbau- und Anlagenplanung Ihre Aufgaben Erstellen von Vorentw\u00fcrfen \/ \u00dcbersichtszeichnungen in CAD (2D + 3D) Erstellen von Werkstattzeichnungen inkl. St\u00fccklisten Abstimmungen intern im Team und extern mit Kunden und Lieferanten Ihr Profil Diplom-Ingenieur (Master, Bachelor), staatl. gepr. Techniker, der Fachrichtung Maschinenbau \/ Stahlbau [&hellip;]<\/p>\n","protected":false},"author":2,"featured_media":0,"parent":0,"menu_order":4,"comment_status":"closed","ping_status":"closed","template":"","meta":{"footnotes":""},"class_list":["post-137","page","type-page","status-publish","hentry"],"_links":{"self":[{"href":"https:\/\/www.ingplan-md.de\/index.php?rest_route=\/wp\/v2\/pages\/137","targetHints":{"allow":["GET"]}}],"collection":[{"href":"https:\/\/www.ingplan-md.de\/index.php?rest_route=\/wp\/v2\/pages"}],"about":[{"href":"https:\/\/www.ingplan-md.de\/index.php?rest_route=\/wp\/v2\/types\/page"}],"author":[{"embeddable":true,"href":"https:\/\/www.ingplan-md.de\/index.php?rest_route=\/wp\/v2\/users\/2"}],"replies":[{"embeddable":true,"href":"https:\/\/www.ingplan-md.de\/index.php?rest_route=%2Fwp%2Fv2%2Fcomments&post=137"}],"version-history":[{"count":9,"href":"https:\/\/www.ingplan-md.de\/index.php?rest_route=\/wp\/v2\/pages\/137\/revisions"}],"predecessor-version":[{"id":336,"href":"https:\/\/www.ingplan-md.de\/index.php?rest_route=\/wp\/v2\/pages\/137\/revisions\/336"}],"wp:attachment":[{"href":"https:\/\/www.ingplan-md.de\/index.php?rest_route=%2Fwp%2Fv2%2Fmedia&parent=137"}],"curies":[{"name":"wp","href":"https:\/\/api.w.org\/{rel}","templated":true}]}}