{"id":14,"date":"2011-12-15T12:17:41","date_gmt":"2011-12-15T11:17:41","guid":{"rendered":"http:\/\/www.ingplan-md.de\/?page_id=14"},"modified":"2014-06-06T13:12:16","modified_gmt":"2014-06-06T11:12:16","slug":"mobilfunk","status":"publish","type":"page","link":"https:\/\/www.ingplan-md.de\/?page_id=14","title":{"rendered":"Mobilfunk"},"content":{"rendered":"<p><img loading=\"lazy\" decoding=\"async\" class=\"alignleft size-full wp-image-53\" title=\"Mobilfunk\" src=\"http:\/\/www.ingplan-md.de\/wp-content\/uploads\/2011\/12\/mobilfunk-1.png\" alt=\"\" width=\"136\" height=\"223\" \/><img loading=\"lazy\" decoding=\"async\" class=\"alignleft size-full wp-image-54\" title=\"Mobilfunk\" src=\"http:\/\/www.ingplan-md.de\/wp-content\/uploads\/2011\/12\/mobilfunk-2.png\" alt=\"\" width=\"137\" height=\"224\" \/><\/p>\n<p>Im Bereich der Telekommunikation sind wir f\u00fcr diverse Netzbetreiber wie der Deutschen Telekom \/ DFMG, Vodafone D2, E-Plus und O2 planerisch t\u00e4tig. Im Auftrage des TPA Magdeburg haben wir im Bereich Sachsen-Anhalt eine gr\u00f6\u00dfere Anzahl von Basisstationen f\u00fcr die interne Kommunikation von Beh\u00f6rden geplant.<\/p>\n","protected":false},"excerpt":{"rendered":"<p>Im Bereich der Telekommunikation sind wir f\u00fcr diverse Netzbetreiber wie der Deutschen Telekom \/ DFMG, Vodafone D2, E-Plus und O2 planerisch t\u00e4tig. Im Auftrage des TPA Magdeburg haben wir im Bereich Sachsen-Anhalt eine gr\u00f6\u00dfere Anzahl von Basisstationen f\u00fcr die interne Kommunikation von Beh\u00f6rden geplant.<\/p>\n","protected":false},"author":2,"featured_media":0,"parent":6,"menu_order":1,"comment_status":"closed","ping_status":"closed","template":"","meta":{"footnotes":""},"class_list":["post-14","page","type-page","status-publish","hentry"],"_links":{"self":[{"href":"https:\/\/www.ingplan-md.de\/index.php?rest_route=\/wp\/v2\/pages\/14","targetHints":{"allow":["GET"]}}],"collection":[{"href":"https:\/\/www.ingplan-md.de\/index.php?rest_route=\/wp\/v2\/pages"}],"about":[{"href":"https:\/\/www.ingplan-md.de\/index.php?rest_route=\/wp\/v2\/types\/page"}],"author":[{"embeddable":true,"href":"https:\/\/www.ingplan-md.de\/index.php?rest_route=\/wp\/v2\/users\/2"}],"replies":[{"embeddable":true,"href":"https:\/\/www.ingplan-md.de\/index.php?rest_route=%2Fwp%2Fv2%2Fcomments&post=14"}],"version-history":[{"count":7,"href":"https:\/\/www.ingplan-md.de\/index.php?rest_route=\/wp\/v2\/pages\/14\/revisions"}],"predecessor-version":[{"id":166,"href":"https:\/\/www.ingplan-md.de\/index.php?rest_route=\/wp\/v2\/pages\/14\/revisions\/166"}],"up":[{"embeddable":true,"href":"https:\/\/www.ingplan-md.de\/index.php?rest_route=\/wp\/v2\/pages\/6"}],"wp:attachment":[{"href":"https:\/\/www.ingplan-md.de\/index.php?rest_route=%2Fwp%2Fv2%2Fmedia&parent=14"}],"curies":[{"name":"wp","href":"https:\/\/api.w.org\/{rel}","templated":true}]}}