{"id":18,"date":"2011-12-15T12:18:15","date_gmt":"2011-12-15T11:18:15","guid":{"rendered":"http:\/\/www.ingplan-md.de\/?page_id=18"},"modified":"2013-05-03T14:43:00","modified_gmt":"2013-05-03T13:43:00","slug":"rohrleitungssysteme","status":"publish","type":"page","link":"https:\/\/www.ingplan-md.de\/?page_id=18","title":{"rendered":"Rohrleitungssysteme"},"content":{"rendered":"<p><img loading=\"lazy\" decoding=\"async\" class=\"alignleft size-full wp-image-74\" title=\"Rohrleitung 1\" src=\"http:\/\/www.ingplan-md.de\/wp-content\/uploads\/2011\/12\/rohrleitung-1.png\" alt=\"\" width=\"211\" height=\"224\" \/><img loading=\"lazy\" decoding=\"async\" class=\"alignleft size-full wp-image-75\" title=\"Rohrleitung 2\" src=\"http:\/\/www.ingplan-md.de\/wp-content\/uploads\/2011\/12\/rohrleitung-2.png\" alt=\"\" width=\"138\" height=\"224\" \/>Ob Rauchgas- oder Entstaubungskanal, ob <a href=\"http:\/\/www.ingplan-md.de\/wp-content\/uploads\/2011\/12\/P1010002.jpg\"><img loading=\"lazy\" decoding=\"async\" class=\" wp-image-145 alignright\" title=\"Rohrleitung 3\" src=\"http:\/\/www.ingplan-md.de\/wp-content\/uploads\/2011\/12\/P1010002-224x300.jpg\" alt=\"\" width=\"138\" height=\"224\" \/><\/a>CIP-f\u00e4hige Leitung im Getr\u00e4nkemaschinenbau oder Additivleitung einer TKW-F\u00fcllstelle, all diese Leitungen werden in unserem B\u00fcro bearbeitet.<\/p>\n","protected":false},"excerpt":{"rendered":"<p>Ob Rauchgas- oder Entstaubungskanal, ob CIP-f\u00e4hige Leitung im Getr\u00e4nkemaschinenbau oder Additivleitung einer TKW-F\u00fcllstelle, all diese Leitungen werden in unserem B\u00fcro bearbeitet.<\/p>\n","protected":false},"author":2,"featured_media":0,"parent":6,"menu_order":3,"comment_status":"closed","ping_status":"closed","template":"","meta":{"footnotes":""},"class_list":["post-18","page","type-page","status-publish","hentry"],"_links":{"self":[{"href":"https:\/\/www.ingplan-md.de\/index.php?rest_route=\/wp\/v2\/pages\/18","targetHints":{"allow":["GET"]}}],"collection":[{"href":"https:\/\/www.ingplan-md.de\/index.php?rest_route=\/wp\/v2\/pages"}],"about":[{"href":"https:\/\/www.ingplan-md.de\/index.php?rest_route=\/wp\/v2\/types\/page"}],"author":[{"embeddable":true,"href":"https:\/\/www.ingplan-md.de\/index.php?rest_route=\/wp\/v2\/users\/2"}],"replies":[{"embeddable":true,"href":"https:\/\/www.ingplan-md.de\/index.php?rest_route=%2Fwp%2Fv2%2Fcomments&post=18"}],"version-history":[{"count":7,"href":"https:\/\/www.ingplan-md.de\/index.php?rest_route=\/wp\/v2\/pages\/18\/revisions"}],"predecessor-version":[{"id":76,"href":"https:\/\/www.ingplan-md.de\/index.php?rest_route=\/wp\/v2\/pages\/18\/revisions\/76"}],"up":[{"embeddable":true,"href":"https:\/\/www.ingplan-md.de\/index.php?rest_route=\/wp\/v2\/pages\/6"}],"wp:attachment":[{"href":"https:\/\/www.ingplan-md.de\/index.php?rest_route=%2Fwp%2Fv2%2Fmedia&parent=18"}],"curies":[{"name":"wp","href":"https:\/\/api.w.org\/{rel}","templated":true}]}}