{"id":6,"date":"2011-12-15T11:37:27","date_gmt":"2011-12-15T10:37:27","guid":{"rendered":"http:\/\/www.ingplan-md.de\/?page_id=6"},"modified":"2022-08-29T11:44:32","modified_gmt":"2022-08-29T09:44:32","slug":"profil","status":"publish","type":"page","link":"https:\/\/www.ingplan-md.de\/","title":{"rendered":"Profil"},"content":{"rendered":"\n<p><\/p>\n\n\n<p>Das Angebotsspektrum der Firma INGPLAN umfasst die Phasen Aufma\u00df, Planung, Statik und Ausf\u00fchrungsplanung \/ Werkplanung. Diese Leistungen k\u00f6nnen sowohl im Bereich Neubau als auch in Instandhaltung und Rekonstruktion abgerufen werden.<\/p>\n<p>Unser B\u00fcro (gegr\u00fcndet 1990) ist derzeit personell mit 8 Diplomingenieuren der Fachrichtungen Maschinen- und\u00a0 Anlagenbau sowie Architektur besetzt. Ein Mitarbeiter besitzt die Qualifikation Schwei\u00dffachingenieur.<\/p>\n<p>Erstellt werden die Unterlagen auf CAD-Stationen mit Autodesk INVENTOR,\u00a0 AutoCAD Mechanical, AutoCAD PLant 3D, BENTLEY Prostructure und MicroStation.<\/p>\n<div class=\"aligncenter\"><a title=\"Mobilfunk\" href=\"http:\/\/www.ingplan-md.de\/?page_id=14\">\u00a0<\/a><a href=\"http:\/\/www.ingplan-md.de\/?page_id=14\"><img loading=\"lazy\" decoding=\"async\" class=\"alignleft wp-image-53 size-full\" title=\"Mobilfunk\" src=\"http:\/\/www.ingplan-md.de\/wp-content\/uploads\/2011\/12\/mobilfunk-1.png\" alt=\"\" width=\"136\" height=\"223\" \/><\/a>\u00a0<a href=\"http:\/\/www.ingplan-md.de\/?page_id=22\"><img loading=\"lazy\" decoding=\"async\" class=\"alignleft wp-image-157\" title=\"Stahlbau\" src=\"http:\/\/www.ingplan-md.de\/wp-content\/uploads\/2011\/12\/DSC027941-225x300.jpg\" alt=\"DSC02794\" width=\"167\" height=\"223\" srcset=\"https:\/\/www.ingplan-md.de\/wp-content\/uploads\/2011\/12\/DSC027941-225x300.jpg 225w, https:\/\/www.ingplan-md.de\/wp-content\/uploads\/2011\/12\/DSC027941-768x1024.jpg 768w\" sizes=\"auto, (max-width: 167px) 100vw, 167px\" \/><\/a>\u00a0<a title=\"Rohrleitungssysteme\" href=\"http:\/\/www.ingplan-md.de\/?page_id=18\"><img loading=\"lazy\" decoding=\"async\" class=\"alignleft wp-image-74\" title=\"Rohrleitung 1\" src=\"http:\/\/www.ingplan-md.de\/wp-content\/uploads\/2011\/12\/rohrleitung-1.png\" alt=\"\" width=\"210\" height=\"223\" \/><\/a><a href=\"http:\/\/www.ingplan-md.de\/?page_id=20\"><img loading=\"lazy\" decoding=\"async\" class=\"alignleft wp-image-185\" title=\"Stahlbau und Architektur\" src=\"http:\/\/www.ingplan-md.de\/wp-content\/uploads\/2011\/12\/P4300191-e1403977385537-224x300.jpg\" alt=\"\" width=\"167\" height=\"223\" \/><\/a><a title=\"technologischer Stahlbau\" href=\"http:\/\/www.ingplan-md.de\/?page_id=22\"><img loading=\"lazy\" decoding=\"async\" class=\"alignleft wp-image-82\" title=\"Technologischer Stahlbau 2\" src=\"http:\/\/www.ingplan-md.de\/wp-content\/uploads\/2011\/12\/tech_stahlbau-2.png\" alt=\"\" width=\"136\" height=\"223\" \/><\/a><\/div>\n<p>\u00a0<\/p>\n<p>\u00a0<\/p>\n<p>\u00a0<\/p>\n<p>\u00a0<\/p>\n<p>\u00a0<\/p>\n<p>Bisher durften wir unter anderem t\u00e4tig werden f\u00fcr:<\/p>\n<ul>\n<li>F\u00f6rderanlagenbau Magdeburg<\/li>\n<li>Ammann Asphalt GmbH<\/li>\n<li>Streicher-Anlagenbau GmbH &amp; Co. KG<\/li>\n<li>GP Steuerungs- und Anlagenbau GmbH \/\u00a0BT teltomat<\/li>\n<li>CAM \/ CTA Berlin<\/li>\n<li>Basalt AG<\/li>\n<li>Salutas GmbH<\/li>\n<li>Symex Paris<\/li>\n<li>Mannesmann Anlagenbau D\u00fcsseldorf<\/li>\n<li>Th\u00f6nnes+Grimus GmbH<\/li>\n<li>Laempe &amp; M\u00f6ssner GmbH<\/li>\n<li>Allmineral<\/li>\n<li>Blohm+Voss Repair GmbH<\/li>\n<li>SBM \u00d6sterreich<\/li>\n<li>DEUTAG<\/li>\n<li>K\u00fcbler GmbH<\/li>\n<li>Henschel Stahlbau GmbH &amp; Co. KG<\/li>\n<li>Schirm AG<\/li>\n<li>Industriebau Wernigerode<\/li>\n<li>GLENCORE Magdeburg GmbH<\/li>\n<li>ZETTL GmbH<\/li>\n<li>+GF+ Casting Solutions Leipzig GmbH<\/li>\n<\/ul>\n<p>Die fachliche Kompetenz und hohe Flexibilit\u00e4t unserer Mitarbeiter erm\u00f6glicht uns, Ihre Planungsspitzen abzubauen.<br \/>Testen Sie uns.<\/p>","protected":false},"excerpt":{"rendered":"<p>Das Angebotsspektrum der Firma INGPLAN umfasst die Phasen Aufma\u00df, Planung, Statik und Ausf\u00fchrungsplanung \/ Werkplanung. Diese Leistungen k\u00f6nnen sowohl im Bereich Neubau als auch in Instandhaltung und Rekonstruktion abgerufen werden. Unser B\u00fcro (gegr\u00fcndet 1990) ist derzeit personell mit 8 Diplomingenieuren der Fachrichtungen Maschinen- und\u00a0 Anlagenbau sowie Architektur besetzt. Ein Mitarbeiter besitzt die Qualifikation Schwei\u00dffachingenieur. Erstellt [&hellip;]<\/p>\n","protected":false},"author":2,"featured_media":0,"parent":0,"menu_order":1,"comment_status":"closed","ping_status":"closed","template":"","meta":{"footnotes":""},"class_list":["post-6","page","type-page","status-publish","hentry"],"_links":{"self":[{"href":"https:\/\/www.ingplan-md.de\/index.php?rest_route=\/wp\/v2\/pages\/6","targetHints":{"allow":["GET"]}}],"collection":[{"href":"https:\/\/www.ingplan-md.de\/index.php?rest_route=\/wp\/v2\/pages"}],"about":[{"href":"https:\/\/www.ingplan-md.de\/index.php?rest_route=\/wp\/v2\/types\/page"}],"author":[{"embeddable":true,"href":"https:\/\/www.ingplan-md.de\/index.php?rest_route=\/wp\/v2\/users\/2"}],"replies":[{"embeddable":true,"href":"https:\/\/www.ingplan-md.de\/index.php?rest_route=%2Fwp%2Fv2%2Fcomments&post=6"}],"version-history":[{"count":89,"href":"https:\/\/www.ingplan-md.de\/index.php?rest_route=\/wp\/v2\/pages\/6\/revisions"}],"predecessor-version":[{"id":320,"href":"https:\/\/www.ingplan-md.de\/index.php?rest_route=\/wp\/v2\/pages\/6\/revisions\/320"}],"wp:attachment":[{"href":"https:\/\/www.ingplan-md.de\/index.php?rest_route=%2Fwp%2Fv2%2Fmedia&parent=6"}],"curies":[{"name":"wp","href":"https:\/\/api.w.org\/{rel}","templated":true}]}}