{"id":8,"date":"2011-12-15T11:59:11","date_gmt":"2011-12-15T10:59:11","guid":{"rendered":"http:\/\/www.ingplan-md.de\/?page_id=8"},"modified":"2022-08-29T11:31:52","modified_gmt":"2022-08-29T09:31:52","slug":"referenzen","status":"publish","type":"page","link":"https:\/\/www.ingplan-md.de\/?page_id=8","title":{"rendered":"Referenzen"},"content":{"rendered":"<ul>\n<li>TKW-F\u00fcllstelle Leuna<\/li>\n<li>KW-Entladung B\u00f6hlen<\/li>\n<li>TKW-Entladung KW Halle<\/li>\n<li>TABEG-TL Cunnersdorf, Medewitz, Lederhose<\/li>\n<li>KW-Entladung und Pumpentasse Elf TL Dresden<\/li>\n<li>Tankbegehungen Mantelbogentreppen, Laufstege, Notabstiege, Dachrandlaufstege und -gel\u00e4nder f\u00fcr diverse TL (TL Dresden, B\u00f6hlen, H\u00fcls, Rostock, Magdeburg, Hafen Hamburg, Zuckerfabrik, Klein Wanzleben, Flugplatz K\u00f6ln, Solvey-Werk, Bad H\u00f6nningen, Schkopau, Dietzenbach, Wesseling, Dormagen, Wismar und andere mehr&#8230;)<\/li>\n<li>B\u00fchnen und Treppen f\u00fcr M\u00fcllverbrennungsanlage Aalen<\/li>\n<li>Begehung (Laufstege, Leitern, Treppen) und Kopfb\u00fchnen Silos Kraftwerk Cottbus<\/li>\n<li>Rohrleitungssysteme f\u00fcr Entstaubungsanlagen KW Boxberg (Brecherturm 3), EKO Stahl Eisenh\u00fcttenstadt, KW Lippendorf<\/li>\n<li>RMVA K\u00f6ln Feuerungs- und Dampferzeugungsanlage (Prim\u00e4r- u. Sekund\u00e4rluftkan\u00e4le und deren Einbauten)<\/li>\n<li>div. Begehungen f\u00fcr Mischanlagen<\/li>\n<li>F\u00f6rderanlagen und deren Komponenten<\/li>\n<li>div. Begehungen f\u00fcr Asphalt Mischanlagen sowie die Bearbeitung von diversen Komponenten wie Doseure, Bandanlagen, St\u00fctzger\u00fcste usw. (Einsatz weltweit)<\/li>\n<li>Haniel Zuschlagstoffe Flechtingen &#8211; Bandanlagen<\/li>\n<li>DHL-Tanklager Flugplatz Leipzig \u2013 Tanke und Begehungen<\/li>\n<li>MDB \u2013 Ditfurt \u2013 Bandanlagen, St\u00fctzen und Begehungen<\/li>\n<li>Eger (Ungarn) \u2013 Heiz\u00f6llagertanke (15.000m\u00b3) mit Begehungen<\/li>\n<li>Asphalt MW Magdeburg \u2013 Stahlbau Einhausung Paralleltrommel, Kaltzugabe, Begehungen u. Kanalanpassungen<\/li>\n<li>Stublach-Gasstorage (GB) \u2013 Transportskids f\u00fcr Erdgasaufbereitunganlage<\/li>\n<li>K+S Stapeltanks \u2013 Rohrbr\u00fccke + Mittenlaufstege m. B\u00fchnen<\/li>\n<li>ca. 500 Mobilfunkstandorte (komplette Hochbauplanung und Realisierung)<\/li>\n<\/ul>\n<p><strong>Referenzobjekte \u00f6ffentlicher Auftraggeber<\/strong><\/p>\n<ul>\n<li>Mastrekonstruktion Polizeirevier Sch\u00f6nebeck \/ Mobilfunkstation (DFMG)<\/li>\n<li>Mastrekonstruktion Polizeirevier Kl\u00f6tze \/ Mobilfunkstation (DFMG)<\/li>\n<li>Tragwerksplanung FWT Schlossberg \/ TPA LSA<\/li>\n<li>Basisstationen f\u00fcr Beh\u00f6rdenfunk<\/li>\n<\/ul>\n<p><strong style=\"font-weight: bold;\">Referenzobjekte architektonischer Stahlbau<\/strong><\/p>\n<ul>\n<li>Berlin &#8211; Hessische Landesvertretung &#8211; Treppenanlage und Gel\u00e4nder<\/li>\n<li>Berlin Buch &#8211; Laborgeb\u00e4ude f\u00fcr medizinische Genomforschung &#8211; Treppenanlage<\/li>\n<li>Hamburg &#8211; Mahnmal St. Nicolai &#8211; Treppenturm zum Turmhelm<\/li>\n<li>Magdeburg &#8211; Leiterstra\u00dfe 5 &#8211; Fassadengestaltung und Balkonbr\u00fcstungen<\/li>\n<li>Magdeburg &#8211; Erzbergerstra\u00dfe 10 &#8211; Fluchttreppenturm<\/li>\n<li>Magdeburg &#8211; Breiter Weg 30 &#8211; u. a. Balkonanlage<\/li>\n<li>Potsdam Golm &#8211; Universit\u00e4t Verf\u00fcgungsgeb\u00e4ude &#8211; u.a. Fluchttreppen und -balkone<\/li>\n<li>Salzwedel &#8211; Jahn Gymnasium &#8211; u. a.Fluchttreppenturm, Gel\u00e4nder und Verbindungslaufstege<\/li>\n<li>diverse Treppent\u00fcrme und Fluchtbalkone und Gel\u00e4nder f\u00fcr Heimtr\u00e4ger, Kinderg\u00e4rten und andere Auftraggeber<\/li>\n<\/ul>\n<p>&nbsp;<\/p>\n","protected":false},"excerpt":{"rendered":"<p>TKW-F\u00fcllstelle Leuna KW-Entladung B\u00f6hlen TKW-Entladung KW Halle TABEG-TL Cunnersdorf, Medewitz, Lederhose KW-Entladung und Pumpentasse Elf TL Dresden Tankbegehungen Mantelbogentreppen, Laufstege, Notabstiege, Dachrandlaufstege und -gel\u00e4nder f\u00fcr diverse TL (TL Dresden, B\u00f6hlen, H\u00fcls, Rostock, Magdeburg, Hafen Hamburg, Zuckerfabrik, Klein Wanzleben, Flugplatz K\u00f6ln, Solvey-Werk, Bad H\u00f6nningen, Schkopau, Dietzenbach, Wesseling, Dormagen, Wismar und andere mehr&#8230;) B\u00fchnen und Treppen f\u00fcr [&hellip;]<\/p>\n","protected":false},"author":2,"featured_media":0,"parent":0,"menu_order":2,"comment_status":"closed","ping_status":"closed","template":"","meta":{"footnotes":""},"class_list":["post-8","page","type-page","status-publish","hentry"],"_links":{"self":[{"href":"https:\/\/www.ingplan-md.de\/index.php?rest_route=\/wp\/v2\/pages\/8","targetHints":{"allow":["GET"]}}],"collection":[{"href":"https:\/\/www.ingplan-md.de\/index.php?rest_route=\/wp\/v2\/pages"}],"about":[{"href":"https:\/\/www.ingplan-md.de\/index.php?rest_route=\/wp\/v2\/types\/page"}],"author":[{"embeddable":true,"href":"https:\/\/www.ingplan-md.de\/index.php?rest_route=\/wp\/v2\/users\/2"}],"replies":[{"embeddable":true,"href":"https:\/\/www.ingplan-md.de\/index.php?rest_route=%2Fwp%2Fv2%2Fcomments&post=8"}],"version-history":[{"count":10,"href":"https:\/\/www.ingplan-md.de\/index.php?rest_route=\/wp\/v2\/pages\/8\/revisions"}],"predecessor-version":[{"id":184,"href":"https:\/\/www.ingplan-md.de\/index.php?rest_route=\/wp\/v2\/pages\/8\/revisions\/184"}],"wp:attachment":[{"href":"https:\/\/www.ingplan-md.de\/index.php?rest_route=%2Fwp%2Fv2%2Fmedia&parent=8"}],"curies":[{"name":"wp","href":"https:\/\/api.w.org\/{rel}","templated":true}]}}